{"id":4477,"date":"2023-03-17T14:37:44","date_gmt":"2023-03-17T14:37:44","guid":{"rendered":"https:\/\/www.rivaltasiracconta.it\/banca-cremasca\/"},"modified":"2023-03-17T14:37:44","modified_gmt":"2023-03-17T14:37:44","slug":"banca-cremasca","status":"publish","type":"page","link":"https:\/\/www.rivaltasiracconta.it\/en\/banca-cremasca\/","title":{"rendered":"Banca cremasca"},"content":{"rendered":"<p>[et_pb_section fb_built=&#8221;1&#8243; module_class=&#8221;eventi_mobile&#8221; _builder_version=&#8221;4.18.0&#8243; _module_preset=&#8221;default&#8221; background_color=&#8221;#f5f5f5&#8243; global_colors_info=&#8221;{}&#8221;][et_pb_row _builder_version=&#8221;4.18.0&#8243; _module_preset=&#8221;default&#8221; custom_margin=&#8221;|auto|-13px|auto||&#8221; custom_padding=&#8221;||0px|||&#8221; global_colors_info=&#8221;{}&#8221;][et_pb_column type=&#8221;4_4&#8243; _builder_version=&#8221;4.18.0&#8243; _module_preset=&#8221;default&#8221; global_colors_info=&#8221;{}&#8221;][et_pb_text _builder_version=&#8221;4.18.0&#8243; _module_preset=&#8221;default&#8221; text_font=&#8221;Sacramento||||||||&#8221; text_text_color=&#8221;#00565f&#8221; header_font=&#8221;Vaughan||||||||&#8221; header_text_color=&#8221;#00565f&#8221; header_font_size=&#8221;35px&#8221; header_line_height=&#8221;61px&#8221; global_colors_info=&#8221;{}&#8221;]<\/p>\n<h1 style=\"text-align: center;\">Partner<\/h1>\n<p>[\/et_pb_text][\/et_pb_column][\/et_pb_row][et_pb_row _builder_version=&#8221;4.18.0&#8243; _module_preset=&#8221;default&#8221; global_colors_info=&#8221;{}&#8221;][et_pb_column type=&#8221;4_4&#8243; _builder_version=&#8221;4.18.0&#8243; _module_preset=&#8221;default&#8221; global_colors_info=&#8221;{}&#8221;][et_pb_image src=&#8221;https:\/\/www.rivaltasiracconta.it\/wp-content\/uploads\/2023\/03\/LOGO-BANCA-CREMASCA.png&#8221; title_text=&#8221;LOGO BANCA CREMASCA&#8221; align=&#8221;center&#8221; _builder_version=&#8221;4.18.0&#8243; _module_preset=&#8221;default&#8221; width=&#8221;20%&#8221; hover_enabled=&#8221;0&#8243; global_colors_info=&#8221;{}&#8221; sticky_enabled=&#8221;0&#8243;][\/et_pb_image][et_pb_text _builder_version=&#8221;4.18.0&#8243; _module_preset=&#8221;default&#8221; text_font=&#8221;Sofia Pro||||||||&#8221; text_text_color=&#8221;#000000&#8243; text_font_size=&#8221;20px&#8221; text_line_height=&#8221;25px&#8221; hover_enabled=&#8221;0&#8243; global_colors_info=&#8221;{}&#8221; sticky_enabled=&#8221;0&#8243;]<\/p>\n<p><span style=\"font-weight: 400;\">BANCA CREMASCA e MANTOVANA<\/span><b>,<\/b><span style=\"font-weight: 400;\"><br \/><\/span><span style=\"font-weight: 400;\">un&#8217;unione di valori per un&#8217;unione di valore.<\/span><\/p>\n<p>&nbsp;<\/p>\n<p><span style=\"font-weight: 400;\">Con una rete di 34 sportelli, dislocati in 30 comuni delle province di Cremona, Mantova, Brescia, Piacenza e Bergamo,\u00a0<\/span><b>Banca Cremasca e Mantovana Credito Cooperativo Soc. Coop.<\/b><span style=\"font-weight: 400;\">, \u00e8 sempre vicino a te. Alle tue esigenze, ai tuoi valori, alle tue attivit\u00e0, per difendere, com&#8217;\u00e8 nella sua tradizione che dura da oltre un secolo, gli interessi dell&#8217;economia reale: delle famiglie, di chi lavora, delle piccole e grandi imprese.<\/span><\/p>\n<p><b>Una banca fatta di persone, per le persone.<\/b><\/p>\n<p><b>Proprio come te.<\/b><span style=\"font-weight: 400;\"><\/span><\/p>\n<p>[\/et_pb_text][et_pb_image src=&#8221;https:\/\/www.rivaltasiracconta.it\/wp-content\/uploads\/2023\/03\/FOTO-BANCA-CREMASCA.jpg&#8221; title_text=&#8221;FOTO BANCA CREMASCA&#8221; _builder_version=&#8221;4.18.0&#8243; _module_preset=&#8221;default&#8221; hover_enabled=&#8221;0&#8243; global_colors_info=&#8221;{}&#8221; sticky_enabled=&#8221;0&#8243;][\/et_pb_image][et_pb_text _builder_version=&#8221;4.18.0&#8243; _module_preset=&#8221;default&#8221; text_font=&#8221;Sofia Pro||||||||&#8221; text_text_color=&#8221;#000000&#8243; text_font_size=&#8221;20px&#8221; text_line_height=&#8221;25px&#8221; hover_enabled=&#8221;0&#8243; global_colors_info=&#8221;{}&#8221; sticky_enabled=&#8221;0&#8243;]<\/p>\n<p><span style=\"font-weight: 400;\">FILIALE DI RIVALTA SUL MINCIO<\/span><\/p>\n<p><span style=\"font-weight: 400;\">STRADA FRANCESCA EST CM\u00a0<\/span><\/p>\n<p><span style=\"font-weight: 400;\">46040 RIVALTA SUL MINCIO DI RODIGO (MN)<\/span><\/p>\n<p><span style=\"font-weight: 400;\">ORARIO D\u2019APERTURA 8.20 &#8211; 13.00 (CON SERVIZIO CASSA), 14.50 &#8211; 16.20 (SOLO PER OPERATIVITA\u2019 CONSULENZIALE) DAL LUNEDI AL VENERDI.<\/span><\/p>\n<p><span style=\"font-weight: 400;\">Tel. +39 0373 877710<\/span><\/p>\n<p><a href=\"mailto:rivalta@creman.bcc.it\"><span style=\"font-weight: 400;\">rivalta@creman.bcc.it<\/span><\/a><span style=\"font-weight: 400;\">\u00a0<\/span><\/p>\n<p><a href=\"http:\/\/www.cremascamantovana.it\"><span style=\"font-weight: 400;\">www.cremascamantovana.it<\/span><\/a><span style=\"font-weight: 400;\">\u00a0\u00a0<\/span><\/p>\n<p>[\/et_pb_text][\/et_pb_column][\/et_pb_row][et_pb_row _builder_version=&#8221;4.18.0&#8243; _module_preset=&#8221;default&#8221; global_colors_info=&#8221;{}&#8221;][et_pb_column type=&#8221;4_4&#8243; _builder_version=&#8221;4.18.0&#8243; _module_preset=&#8221;default&#8221; global_colors_info=&#8221;{}&#8221;][et_pb_image src=&#8221;https:\/\/rivaltasiracconta.it\/wp-content\/uploads\/2022\/12\/Icon-material-arrow_back.svg&#8221; title_text=&#8221;Icon material-arrow_back&#8221; url=&#8221;https:\/\/rivaltasiracconta.it\/partner\/&#8221; _builder_version=&#8221;4.18.0&#8243; _module_preset=&#8221;default&#8221; global_colors_info=&#8221;{}&#8221;][\/et_pb_image][\/et_pb_column][\/et_pb_row][et_pb_row _builder_version=&#8221;4.18.0&#8243; _module_preset=&#8221;default&#8221; global_colors_info=&#8221;{}&#8221;][et_pb_column type=&#8221;4_4&#8243; _builder_version=&#8221;4.18.0&#8243; _module_preset=&#8221;default&#8221; global_colors_info=&#8221;{}&#8221;][et_pb_text _builder_version=&#8221;4.18.0&#8243; _module_preset=&#8221;default&#8221; text_font=&#8221;Vaughan||||||||&#8221; text_text_color=&#8221;#00565f&#8221; header_font=&#8221;Vaughan||||||||&#8221; header_text_color=&#8221;#00565f&#8221; header_font_size=&#8221;35px&#8221; header_line_height=&#8221;61px&#8221; global_colors_info=&#8221;{}&#8221;]<\/p>\n<h1 style=\"text-align: center;\">Diventa nostro partner<\/h1>\n<p>[\/et_pb_text][et_pb_code module_id=&#8221;wpcf7-f189-p950-o1&#8243; _builder_version=&#8221;4.18.0&#8243; _module_preset=&#8221;default&#8221; global_colors_info=&#8221;{}&#8221;]\n<div class=\"wpcf7 no-js\" id=\"wpcf7-f189-o1\" lang=\"it-IT\" dir=\"ltr\">\n<div class=\"screen-reader-response\"><p role=\"status\" aria-live=\"polite\" aria-atomic=\"true\"><\/p> <ul><\/ul><\/div>\n<form action=\"\/en\/wp-json\/wp\/v2\/pages\/4477#wpcf7-f189-o1\" method=\"post\" class=\"wpcf7-form init\" aria-label=\"Modulo di contatto\" novalidate=\"novalidate\" data-status=\"init\">\n<div style=\"display: none;\">\n<input type=\"hidden\" name=\"_wpcf7\" value=\"189\" \/>\n<input type=\"hidden\" name=\"_wpcf7_version\" value=\"5.9.8\" \/>\n<input type=\"hidden\" name=\"_wpcf7_locale\" value=\"it_IT\" \/>\n<input type=\"hidden\" name=\"_wpcf7_unit_tag\" value=\"wpcf7-f189-o1\" \/>\n<input type=\"hidden\" name=\"_wpcf7_container_post\" value=\"0\" \/>\n<input type=\"hidden\" name=\"_wpcf7_posted_data_hash\" value=\"\" \/>\n<\/div>\n<div id=\"wpcf7-f189-p950-o1\">\n\t<p class=\"left_form\"><span class=\"wpcf7-form-control-wrap\" data-name=\"azienda\"><input size=\"40\" maxlength=\"400\" class=\"wpcf7-form-control wpcf7-text wpcf7-validates-as-required\" aria-required=\"true\" aria-invalid=\"false\" placeholder=\"Azienda*\" value=\"\" type=\"text\" name=\"azienda\" \/><\/span>\n\t<\/p>\n\t<p class=\"right_form\"><span class=\"wpcf7-form-control-wrap\" data-name=\"email\"><input size=\"40\" maxlength=\"400\" class=\"wpcf7-form-control wpcf7-email wpcf7-validates-as-required wpcf7-text wpcf7-validates-as-email\" aria-required=\"true\" aria-invalid=\"false\" placeholder=\"Email*\" value=\"\" type=\"email\" name=\"email\" \/><\/span>\n\t<\/p>\n\t<p class=\"full_form\"><span class=\"wpcf7-form-control-wrap\" data-name=\"messaggio\"><textarea cols=\"40\" rows=\"10\" maxlength=\"2000\" class=\"wpcf7-form-control wpcf7-textarea\" aria-invalid=\"false\" placeholder=\"Messaggio\" name=\"messaggio\"><\/textarea><\/span>\n\t<\/p>\n\t<div style=\"clear: both\">\n\t<\/div>\n\t<p class=\"check_privacy\"><span class=\"wpcf7-form-control-wrap\" data-name=\"privacy\"><span class=\"wpcf7-form-control wpcf7-acceptance\"><span class=\"wpcf7-list-item\"><input type=\"checkbox\" name=\"privacy\" value=\"1\" aria-invalid=\"false\" \/><\/span><\/span><\/span><span class=\"text_privacy\">Ho preso visione dell'informativa ed acconsento al trattamento dei dati.<br \/>\nInformativa privacy*<\/span>\n\t<\/p>\n\t<div style=\"clear: both\">\n\t<\/div>\n\t<p><input class=\"wpcf7-form-control wpcf7-submit has-spinner\" type=\"submit\" value=\"Invia\" \/>\n\t<\/p>\n<\/div><div class=\"wpcf7-response-output\" aria-hidden=\"true\"><\/div>\n<\/form>\n<\/div>\n[\/et_pb_code][\/et_pb_column][\/et_pb_row][\/et_pb_section]<\/p>\n","protected":false},"excerpt":{"rendered":"<p>PartnerBANCA CREMASCA e MANTOVANA,un&#8217;unione di valori per un&#8217;unione di valore. &nbsp; Con una rete di 34 sportelli, dislocati in 30 comuni delle province di Cremona, Mantova, Brescia, Piacenza e Bergamo,\u00a0Banca Cremasca e Mantovana Credito Cooperativo Soc. Coop., \u00e8 sempre vicino a te. Alle tue esigenze, ai tuoi valori, alle tue attivit\u00e0, per difendere, com&#8217;\u00e8 nella [&hellip;]<\/p>\n","protected":false},"author":1,"featured_media":0,"parent":0,"menu_order":0,"comment_status":"closed","ping_status":"closed","template":"","meta":{"_et_pb_use_builder":"on","_et_pb_old_content":"<!-- wp:divi\/placeholder \/-->","_et_gb_content_width":"","inline_featured_image":false,"footnotes":""},"class_list":["post-4477","page","type-page","status-publish","hentry"],"acf":[],"yoast_head":"<!-- This site is optimized with the Yoast SEO plugin v23.4 - https:\/\/yoast.com\/wordpress\/plugins\/seo\/ -->\n<title>Banca cremasca - Rivalta si Racconta<\/title>\n<meta name=\"robots\" content=\"index, follow, max-snippet:-1, max-image-preview:large, max-video-preview:-1\" \/>\n<link rel=\"canonical\" href=\"https:\/\/www.rivaltasiracconta.it\/en\/banca-cremasca\/\" \/>\n<meta property=\"og:locale\" content=\"en_US\" \/>\n<meta property=\"og:type\" content=\"article\" \/>\n<meta property=\"og:title\" content=\"Banca cremasca - Rivalta si Racconta\" \/>\n<meta property=\"og:description\" content=\"PartnerBANCA CREMASCA e MANTOVANA,un&#039;unione di valori per un&#039;unione di valore. &nbsp; Con una rete di 34 sportelli, dislocati in 30 comuni delle province di Cremona, Mantova, Brescia, Piacenza e Bergamo,\u00a0Banca Cremasca e Mantovana Credito Cooperativo Soc. Coop., \u00e8 sempre vicino a te. Alle tue esigenze, ai tuoi valori, alle tue attivit\u00e0, per difendere, com&#039;\u00e8 nella [&hellip;]\" \/>\n<meta property=\"og:url\" content=\"https:\/\/www.rivaltasiracconta.it\/en\/banca-cremasca\/\" \/>\n<meta property=\"og:site_name\" content=\"Rivalta si Racconta\" \/>\n<meta name=\"twitter:card\" content=\"summary_large_image\" \/>\n<meta name=\"twitter:label1\" content=\"Est. reading time\" \/>\n\t<meta name=\"twitter:data1\" content=\"3 minutes\" \/>\n<script type=\"application\/ld+json\" class=\"yoast-schema-graph\">{\"@context\":\"https:\/\/schema.org\",\"@graph\":[{\"@type\":\"WebPage\",\"@id\":\"https:\/\/www.rivaltasiracconta.it\/en\/banca-cremasca\/\",\"url\":\"https:\/\/www.rivaltasiracconta.it\/en\/banca-cremasca\/\",\"name\":\"Banca cremasca - Rivalta si Racconta\",\"isPartOf\":{\"@id\":\"https:\/\/www.rivaltasiracconta.it\/#website\"},\"datePublished\":\"2023-03-17T14:37:44+00:00\",\"dateModified\":\"2023-03-17T14:37:44+00:00\",\"inLanguage\":\"en-US\",\"potentialAction\":[{\"@type\":\"ReadAction\",\"target\":[\"https:\/\/www.rivaltasiracconta.it\/en\/banca-cremasca\/\"]}]},{\"@type\":\"WebSite\",\"@id\":\"https:\/\/www.rivaltasiracconta.it\/#website\",\"url\":\"https:\/\/www.rivaltasiracconta.it\/\",\"name\":\"Rivalta si Racconta\",\"description\":\"\",\"potentialAction\":[{\"@type\":\"SearchAction\",\"target\":{\"@type\":\"EntryPoint\",\"urlTemplate\":\"https:\/\/www.rivaltasiracconta.it\/?s={search_term_string}\"},\"query-input\":{\"@type\":\"PropertyValueSpecification\",\"valueRequired\":true,\"valueName\":\"search_term_string\"}}],\"inLanguage\":\"en-US\"}]}<\/script>\n<!-- \/ Yoast SEO plugin. -->","yoast_head_json":{"title":"Banca cremasca - Rivalta si Racconta","robots":{"index":"index","follow":"follow","max-snippet":"max-snippet:-1","max-image-preview":"max-image-preview:large","max-video-preview":"max-video-preview:-1"},"canonical":"https:\/\/www.rivaltasiracconta.it\/en\/banca-cremasca\/","og_locale":"en_US","og_type":"article","og_title":"Banca cremasca - Rivalta si Racconta","og_description":"PartnerBANCA CREMASCA e MANTOVANA,un'unione di valori per un'unione di valore. &nbsp; Con una rete di 34 sportelli, dislocati in 30 comuni delle province di Cremona, Mantova, Brescia, Piacenza e Bergamo,\u00a0Banca Cremasca e Mantovana Credito Cooperativo Soc. Coop., \u00e8 sempre vicino a te. Alle tue esigenze, ai tuoi valori, alle tue attivit\u00e0, per difendere, com'\u00e8 nella [&hellip;]","og_url":"https:\/\/www.rivaltasiracconta.it\/en\/banca-cremasca\/","og_site_name":"Rivalta si Racconta","twitter_card":"summary_large_image","twitter_misc":{"Est. reading time":"3 minutes"},"schema":{"@context":"https:\/\/schema.org","@graph":[{"@type":"WebPage","@id":"https:\/\/www.rivaltasiracconta.it\/en\/banca-cremasca\/","url":"https:\/\/www.rivaltasiracconta.it\/en\/banca-cremasca\/","name":"Banca cremasca - Rivalta si Racconta","isPartOf":{"@id":"https:\/\/www.rivaltasiracconta.it\/#website"},"datePublished":"2023-03-17T14:37:44+00:00","dateModified":"2023-03-17T14:37:44+00:00","inLanguage":"en-US","potentialAction":[{"@type":"ReadAction","target":["https:\/\/www.rivaltasiracconta.it\/en\/banca-cremasca\/"]}]},{"@type":"WebSite","@id":"https:\/\/www.rivaltasiracconta.it\/#website","url":"https:\/\/www.rivaltasiracconta.it\/","name":"Rivalta si Racconta","description":"","potentialAction":[{"@type":"SearchAction","target":{"@type":"EntryPoint","urlTemplate":"https:\/\/www.rivaltasiracconta.it\/?s={search_term_string}"},"query-input":{"@type":"PropertyValueSpecification","valueRequired":true,"valueName":"search_term_string"}}],"inLanguage":"en-US"}]}},"_links":{"self":[{"href":"https:\/\/www.rivaltasiracconta.it\/en\/wp-json\/wp\/v2\/pages\/4477","targetHints":{"allow":["GET"]}}],"collection":[{"href":"https:\/\/www.rivaltasiracconta.it\/en\/wp-json\/wp\/v2\/pages"}],"about":[{"href":"https:\/\/www.rivaltasiracconta.it\/en\/wp-json\/wp\/v2\/types\/page"}],"author":[{"embeddable":true,"href":"https:\/\/www.rivaltasiracconta.it\/en\/wp-json\/wp\/v2\/users\/1"}],"replies":[{"embeddable":true,"href":"https:\/\/www.rivaltasiracconta.it\/en\/wp-json\/wp\/v2\/comments?post=4477"}],"version-history":[{"count":0,"href":"https:\/\/www.rivaltasiracconta.it\/en\/wp-json\/wp\/v2\/pages\/4477\/revisions"}],"wp:attachment":[{"href":"https:\/\/www.rivaltasiracconta.it\/en\/wp-json\/wp\/v2\/media?parent=4477"}],"curies":[{"name":"wp","href":"https:\/\/api.w.org\/{rel}","templated":true}]}}